{"id":4724,"date":"2022-03-30T14:43:23","date_gmt":"2022-03-30T12:43:23","guid":{"rendered":"https:\/\/devcafe22.pazim.pl\/satzung\/"},"modified":"2022-05-11T13:59:47","modified_gmt":"2022-05-11T11:59:47","slug":"satzung","status":"publish","type":"page","link":"https:\/\/cafe22.pl\/de\/satzung\/","title":{"rendered":"Satzung"},"content":{"rendered":"<h3>Satzung<\/h3>\n<p>I. DEFINICJE POJ\u0118\u0106 U\u017bYTYCH W NINIEJSZYM DOKUMENCIE:<\/p>\n<p>\u201ePazim&#8220; &#8211; Pazim Sp. z o.o. z siedzib\u0105 w Szczecinie, przy placu Rod\u0142a 8, wpisana do rejestru przedsi\u0119biorc\u00f3w Krajowego Rejestru S\u0105dowego prowadzonego przez S\u0105d Rejonowy Szczecin-Centrum w Szczecinie, XIII Wydzia\u0142 Gospodarczy KRS pod numerem 0000148810, NIP 851-020-83-82, kapita\u0142 zak\u0142adowy 153.267.157,50 z\u0142.<\/p>\n<p>\u201eCaf\u00e9 22&#8243; &#8211; wchodz\u0105cy w sk\u0142ad przedsi\u0119biorstwa Pazim lokal Caf\u00e9 22 znajduj\u0105cy si\u0119 przy placu Rod\u0142a 8 w Szczecinie, w ramach kt\u00f3rego Pazim prowadzi regulowany niniejszym dokumentem program sprzeda\u017cy Bon\u00f3w Podarunkowych.<\/p>\n<p>\u201eFormularz Zam\u00f3wienia&#8220; &#8211; dokument elektroniczny, kt\u00f3rego prawid\u0142owe uzupe\u0142nienie i wys\u0142anie jest jedn\u0105 z mo\u017cliwych form (obok zakupu bezpo\u015bredniego w lokalu) dokonania zam\u00f3wienia Bonu Podarunkowego.<\/p>\n<p>\u201eBon Podarunkowy&#8220; &#8211; drukowany dokument z okre\u015blon\u0105 kwot\u0105, kt\u00f3ry to dokument potwierdza uprawnienia jego posiadacza do jednorazowego skorzystania (bez ponoszenia dodatkowych op\u0142at) z us\u0142ug \u015bwiadczonych w Caf\u00e9 22, kt\u00f3rych \u0142\u0105czna cena nie przekracza kwoty wskazanej na tym dokumencie.<\/p>\n<p>\u201eKlient&#8220; &#8211; osoba fizyczna, prawna lub jednostki organizacyjne nieposiadaj\u0105ce osobowo\u015bci prawnej, kt\u00f3rym odr\u0119bna ustawa nadaje zdolno\u015b\u0107 prawn\u0105, w rozumieniu Ustawy z dnia 23 kwietnia 1964 r. Kodeks Cywilny (Dz. U. 1964 Nr 16 poz. 93 z p\u00f3\u017an. zm.) korzystaj\u0105ca z us\u0142ug \u015bwiadczonych przez Pazim w Caf\u00e9 22.<\/p>\n<p>II. PROCEDURA SPRZEDA\u017bY BONU PODARUNKOWEGO<\/p>\n<p>1. Zakup Bonu Podarunkowego odbywa si\u0119 w spos\u00f3b :<\/p>\n<p>a) bezpo\u015bredni &#8211; poprzez zakup w Caf\u00e9 22;<\/p>\n<p>b) po\u015bredni &#8211; poprzez prawid\u0142owe wype\u0142nienie i wys\u0142anie, za po\u015brednictwem strony internetowej www.cafe22.pl, Formularza Zam\u00f3wienia, a nast\u0119pnie zap\u0142at\u0119 odpowiedniej kwoty na rachunek bankowy Pazim.<\/p>\n<p>2. Klient zobowi\u0105zany jest do poprawnego wype\u0142nienia Formularza Zam\u00f3wienia oraz do podania wskazanych w nim danych zgodnie z prawd\u0105. Pazim o\u015bwiadcza, \u017ce uwzgl\u0119dnia\u0142 b\u0119dzie tylko poprawnie wype\u0142nione Formularze Zam\u00f3wienia oraz \u017ce nie ponosi odpowiedzialno\u015bci za jakiekolwiek skutki b\u0119d\u0105ce nast\u0119pstwem podania przez Klienta w Formularzu Zam\u00f3wienia danych niezgodnych z prawd\u0105.<\/p>\n<p>III. WARTO\u015a\u0106 BON\u00d3W PODARUNKOWYCH<\/p>\n<p>1. Warto\u015bci Bon\u00f3w Podarunkowych podane na stronie internetowej www.cafe22.pl obejmuj\u0105 zawsze maksymaln\u0105 cen\u0119 brutto us\u0142ug \u015bwiadczonych w Caf\u00e9 22, jakie mog\u0105 by\u0107 jednorazowo zrealizowane w zamian za jeden Bon Podarunkowy.<\/p>\n<p>2. Pazim informuje, a Klient przyjmuje to do wiadomo\u015bci i akceptuje, \u017ce ceny us\u0142ug \u015bwiadczonych w Caf\u00e9 22, zawarte na stronie internetowej www.cafe22.pl, mog\u0105 ulec zmianie w okresie nast\u0119puj\u0105cym po dokonaniu przez Klienta wys\u0142ania Formularza Zam\u00f3wienia za po\u015brednictwem strony internetowej www.cafe22.pl. W takiej sytuacji, Klient zap\u0142aci za \u015bwiadczone w Caf\u00e9 22 us\u0142ugi aktualn\u0105 cen\u0119 obowi\u0105zuj\u0105c\u0105 w dniu p\u0142atno\u015bci.<\/p>\n<p>3. Pazim oferuje sprzeda\u017c Bon\u00f3w Podarunkowych o warto\u015bciach 50 z\u0142 i 100 z\u0142. Wyb\u00f3r rodzaju i ilo\u015bci zamawianych Bon\u00f3w Podarunkowych Klient dokonuje podczas uzupe\u0142niania Formularza Zam\u00f3wienia.<\/p>\n<p>4. Bony Podarunkowe upowa\u017cniaj\u0105 do jednorazowego skorzystania z dowolnych us\u0142ug b\u0105d\u017a produkt\u00f3w znajduj\u0105cych si\u0119 w aktualnej na dzie\u0144 nabycia us\u0142ug ofercie Pazim w ramach dzia\u0142alno\u015bci prowadzonej w Caf\u00e9 22, uwzgl\u0119dniaj\u0105c ceny promocyjne, jednak\u017ce ich \u0142\u0105czna cena nie mo\u017ce przekroczy\u0107 kwoty wskazanej w Bonie Podarunkowym. Pe\u0142na oferta us\u0142ug \u015bwiadczonych w Caf\u00e9 22 dost\u0119pna jest na stronie internetowej www.cafe22.pl.<\/p>\n<p>5. Bony Podarunkowe upowa\u017cniaj\u0105 do skorzystania z us\u0142ug Pazim \u015bwiadczonych w Caf\u00e9 22 w okresie jednego roku kalendarzowego od momentu wystawienia danego Bonu Podarunkowego. Data wystawienia wskazana jest na ka\u017cdym Bonie Podarunkowym.<\/p>\n<p>6. Bony Podarunkowe nie podlegaj\u0105 zwrotowi ani wymianie na got\u00f3wk\u0119.<\/p>\n<p>7. W przypadku skorzystania przez Klienta z us\u0142ug w Caf\u00e9 22, kt\u00f3rych \u0142\u0105czna cena jest ni\u017csza ni\u017c kwota wskazana w Bonie Podarunkowym, r\u00f3\u017cnica pomi\u0119dzy kwot\u0105 wskazan\u0105 w Bonie Podarunkowym, a cen\u0105 us\u0142ug z kt\u00f3rych skorzysta\u0142 Klient nie ulega zwrotowi.<\/p>\n<p>8. W przypadku skorzystania przez Klienta z us\u0142ug w Caf\u00e9 22, kt\u00f3rych \u0142\u0105czna cena jest wy\u017csza ni\u017c kwota wskazana w Bonie Podarunkowym, r\u00f3\u017cnica pomi\u0119dzy kwot\u0105 wskazan\u0105 w Bonie Podarunkowym, a cen\u0105 us\u0142ug z kt\u00f3rych skorzysta\u0142 Klient op\u0142acana jest dodatkowo przez Klienta.<\/p>\n<p>IV. FORMY P\u0141ATNO\u015aCI ZA BONY PODARUNKOWE<\/p>\n<p>1. Jedyn\u0105 jednostk\u0105 p\u0142atnicz\u0105 obowi\u0105zuj\u0105c\u0105 w Caf\u00e9 22 jest Polski Z\u0142oty (PLN).<\/p>\n<p>2. Pazim przewiduje nast\u0119puj\u0105ce formy p\u0142atno\u015bci za Bony Podarunkowe:<\/p>\n<p>a) p\u0142atno\u015b\u0107 za Bon Podarunkowy got\u00f3wk\u0105 &#8211; mo\u017cliwa jest jedynie w Caf\u00e9 22;<\/p>\n<p>b) p\u0142atno\u015b\u0107 za Bon Podarunkowy kart\u0105 p\u0142atnicz\u0105 &#8211; mo\u017cliwa jest jedynie w Caf\u00e9 22. Pazim ma prawo odm\u00f3wi\u0107 przyj\u0119cia p\u0142atno\u015bci kart\u0105 p\u0142atnicz\u0105 w przypadku, je\u017celi dost\u0119pne w Caf\u00e9 22 urz\u0105dzenie do obs\u0142ugi kart p\u0142atniczych jest niesprawne.;<\/p>\n<p>c) p\u0142atno\u015b\u0107 za Bon Podarunkowy poprzez wp\u0142at\u0119 kwoty jego ceny przelewem bankowym na rachunek bankowy Pazim &#8211; mo\u017cliwe jest jedynie po wcze\u015bniejszym zam\u00f3wieniu Bonu Podarunkowego w drodze prawid\u0142owego uzupe\u0142nienia Formularza Zam\u00f3wienia.<\/p>\n<p>3. Pazim umo\u017cliwia Klientom uregulowanie nale\u017cno\u015bci za zam\u00f3wiony Bon Podarunkowy przelewem na rachunek bankowy Pazim prowadzony w:<\/p>\n<p>Bank PeKaO SA<br \/>\nul. Grzybowska 53\/57, 00-950 Warszawa<\/p>\n<p>PLN: 88 1240 3927 1111 0010 9981 2044<\/p>\n<p>4. Pazim o\u015bwiadcza, i\u017c uzna zam\u00f3wienie na Bon Podarunkowy dokonane za po\u015brednictwem Formularza Zam\u00f3wienia za skutecznie z\u0142o\u017cone tylko w przypadku wp\u0142ywu \u015brodk\u00f3w pieni\u0119\u017cnych Klienta, uiszczonych tytu\u0142em ceny za Bon Podarunkowy, na rachunek bankowy Pazim wskazany w ust. 3 powy\u017cej w nieprzekraczalnym terminie 24 godzin (liczonych w dniach od poniedzia\u0142ku do pi\u0105tku) licz\u0105c od momentu wys\u0142ania do Klienta przez Pazim potwierdzenia zam\u00f3wienia Bonu Podarunkowego z\u0142o\u017conego za po\u015brednictwem Formularza Zam\u00f3wienia. Po up\u0142ywie tego czasu, z\u0142o\u017cone Zam\u00f3wienie uznane zostanie za nieby\u0142e.<br \/>\n5. Przy realizacji p\u0142atno\u015bci za Bon Podarunkowy przelewem bankowym, w tytule operacji wymagany jest wpis: \u201eBon Caf\u00e9 22&#8243;.<\/p>\n<p>6. Po otrzymaniu zap\u0142aty za Bon Podarunkowy na rachunek Bankowy Pazim wskazany w ust. 3 powy\u017cej, Pazim w terminie 24 godzin (liczonych w dniach od poniedzia\u0142ku do pi\u0105tku) wy\u015ble Bon Podarunkowy listem poleconym na adres wskazany w Formularzu Zam\u00f3wienia albo umo\u017cliwi Klientowi odbi\u00f3r Bonu Podarunkowego w Caf\u00e9 22, w zale\u017cno\u015bci od wybranej przez Klienta opcji odbioru Bonu Podarunkowego.<\/p>\n<p>V. NOTY KSI\u0118GOWE<\/p>\n<p>Na wyra\u017ane \u017cyczenie Klienta Pazim wystawi not\u0119 ksi\u0119gow\u0105 z tytu\u0142u sprzeda\u017cy Bon\u00f3w Podarunkowych.<\/p>\n<p>VI. POTWIERDZENIE REZERWACJI<\/p>\n<p>1. Zam\u00f3wienie Bonu Podarunkowego z\u0142o\u017cone na podstawie Formularza Zam\u00f3wienia znajduj\u0105cego si\u0119 na stronie internetowej www.cafe22.pl zostanie potwierdzone w ci\u0105gu jednego dnia roboczego od wys\u0142ania Formularza Zam\u00f3wienia.<\/p>\n<p>2. Potwierdzenie zam\u00f3wienia zostanie wys\u0142ane Klientowi drog\u0105 elektroniczn\u0105 na podany w Formularzu Zam\u00f3wienia adres mailowy.<\/p>\n<p>3. Korespondencja w sprawie finalizacji zakupu Bonu Podarunkowego (m.in. realizacji p\u0142atno\u015bci, przewidywanym terminie wysy\u0142ki lub odebrania bonu) odbywa\u0107 si\u0119 b\u0119dzie drog\u0105 elektroniczn\u0105 na podany w Formularzu Zam\u00f3wienia adres mailowy Klienta.<\/p>\n<p>VII ODPOWIEDZIALNO\u015a\u0106 PAZIM<\/p>\n<p>1. Pazim dok\u0142ada wszelkich stara\u0144, aby dane prezentowane na stronie internetowej www.cafe22.pl by\u0142y zgodne z aktualnie obowi\u0105zuj\u0105cymi w Caf\u00e9 22 ofert\u0105 i cennikiem.<\/p>\n<p>2. Je\u015bli realizacja zam\u00f3wienia na Bony Podarunkowe oka\u017ce si\u0119 niemo\u017cliwa lub w znaczny spos\u00f3b utrudniona, Pazim poinformuje Klienta o zaistnia\u0142ej sytuacji drog\u0105 elektroniczn\u0105, na adres email podany w Formularzu Zam\u00f3wienia i zaproponuje Klientowi opcj\u0119 us\u0142ugi \u015bwiadczonej przez Pazim najbardziej zbli\u017con\u0105 standardem i cen\u0105, do zam\u00f3wienia z\u0142o\u017conego na Bon Podarunkowy. Klient mo\u017ce zrezygnowa\u0107 z propozycji alternatywnej. W tym przypadku Pazim zwr\u00f3ci Klientowi ju\u017c uiszczon\u0105 nale\u017cno\u015b\u0107 za Bon Podarunkowy.<\/p>\n<p>VIII. REKLAMACJE<\/p>\n<p>1. Wszelkie reklamacje dotycz\u0105ce realizacji Bon\u00f3w Podarunkowych powinny by\u0107 zg\u0142aszane w Caf\u00e9 22 lub przes\u0142ane listem poleconym na adres Caf\u00e9 22 w terminie dw\u00f3ch dni roboczych od zaistnienia zdarzenia b\u0119d\u0105cego podstaw\u0105 reklamacji.<\/p>\n<p>2. Pazim zobowi\u0105zuje si\u0119 do rozpatrzenia przekazanej prawid\u0142owo reklamacji w terminie 14 dni od daty jej otrzymania w jeden ze sposob\u00f3w, o kt\u00f3rych mowa w ust. 1 powy\u017cej.<\/p>\n<p>IX. DANE KLIENTA<\/p>\n<p>Wysy\u0142aj\u0105c Formularz Zam\u00f3wienia za po\u015brednictwem strony internetowej www.cafe22.pl, Klient wyra\u017ca zgod\u0119 na umieszczenie jego danych osobowych w bazie danych administrowanej przez Pazim.<\/p>\n<p>Zgodnie z art. 13 og\u00f3lnego rozporz\u0105dzenia o ochronie<br \/>\ndanych osobowych z dnia 27 kwietnia 2016 r. (Dz. Urz. UE L 119 z 04.05.2016) informujemy, i\u017c:<\/p>\n<p>1) administratorem Pani\/Pana danych osobowych jest Pazim<br \/>\nSp. z o.o., pl. Rod\u0142a 8, 70-419 Szczecin,<\/p>\n<p>2) kontakt z Inspektorem Ochrony Danych &#8211; iod@pazim.pl,<\/p>\n<p>3) Pani\/Pana dane osobowe przetwarzane b\u0119d\u0105 w celu realizacji<br \/>\numowy &#8211; na podstawie art. 6 ust. 1 lit. b og\u00f3lnego rozporz\u0105dzenia<br \/>\no ochronie danych osobowych z dnia 27 kwietnia 2016 r.<\/p>\n<p>4) odbiorcami Pani\/Pana danych osobowych b\u0119d\u0105:<\/p>\n<p>podmioty uczestnicz\u0105ce w realizacji zlecenia<br \/>\nbank<br \/>\n5) Pani\/Pana dane osobowe przechowywane b\u0119d\u0105 przez okres 6 lat,<\/p>\n<p>6) posiada Pani\/Pan prawo do \u017c\u0105dania od administratora dost\u0119pu do<br \/>\ndanych osobowych, ich sprostowania, usuni\u0119cia lub ograniczenia<br \/>\nprzetwarzania, prawo do przenoszenia danych,<\/p>\n<p>7) ma Pani\/Pan prawo wniesienia skargi do organu nadzorczego,<\/p>\n<p>8) podanie danych osobowych jest dobrowolne, jednak\u017ce odmowa<br \/>\npodania danych mo\u017ce skutkowa\u0107 odmow\u0105 zawarcia umowy.<\/p>\n<p>X. AKCEPTACJA WARUNK\u00d3W ZAM\u00d3WIENIA<\/p>\n<p>Klient przed wys\u0142aniem Formularza Zam\u00f3wienia za po\u015brednictwem strony internetowej www.cafe22.pl lub przed dokonaniem zakupu Bon\u00f3w Podarunkowych w Caf\u00e9 22 ma obowi\u0105zek uprzedniego zapoznania si\u0119 z niniejszym dokumentem, zamieszczonym na stronie internetowej www.cafe22.pl. oraz dost\u0119pnym w Caf\u00e9 22. Wys\u0142anie Formularza Zam\u00f3wienia\/zakup Bon\u00f3w Podarunkowych w Caf\u00e9 22 traktowane jest jako akceptacja niniejszych warunk\u00f3w sprzeda\u017cy i realizacji Bon\u00f3w Podarunkowych i zobowi\u0105zanie do ich przestrzegania co skutkuje poniesieniem konsekwencji ewentualnego niezastosowania si\u0119 do zawartych w nich postanowie\u0144.<\/p>\n<p>XI. USTALENIA KO\u0143COWE<\/p>\n<p>1. Utrata mocy wi\u0105\u017c\u0105cej przez jedno z postanowie\u0144 niniejszego dokumentu, pozostaje, w braku odmiennego zastrze\u017cenia Pazim, bez wp\u0142ywu na moc wi\u0105\u017c\u0105c\u0105 pozosta\u0142ych postanowie\u0144 tego dokumentu.<br \/>\n2. Pazim zastrzega sobie prawo do jednostronnej zmiany niniejszego dokumentu w ka\u017cdym czasie.<\/p>\n","protected":false},"excerpt":{"rendered":"<p>Satzung I. DEFINICJE POJ\u0118\u0106 U\u017bYTYCH W NINIEJSZYM DOKUMENCIE: \u201ePazim&#8220; &#8211; Pazim Sp. z o.o. z siedzib\u0105 w Szczecinie, przy placu Rod\u0142a 8, wpisana do rejestru przedsi\u0119biorc\u00f3w Krajowego Rejestru S\u0105dowego prowadzonego przez S\u0105d Rejonowy Szczecin-Centrum w Szczecinie, XIII Wydzia\u0142 Gospodarczy KRS pod numerem 0000148810, NIP 851-020-83-82, kapita\u0142 zak\u0142adowy 153.267.157,50 z\u0142. \u201eCaf\u00e9 22&#8243; &#8211; wchodz\u0105cy w sk\u0142ad przedsi\u0119biorstwa Pazim lokal Caf\u00e9 22 znajduj\u0105cy si\u0119 przy placu Rod\u0142a 8 w Szczecinie, w ramach kt\u00f3rego Pazim [&hellip;]<\/p>\n","protected":false},"author":1,"featured_media":0,"parent":0,"menu_order":0,"comment_status":"closed","ping_status":"closed","template":"","meta":{"_monsterinsights_skip_tracking":false,"_monsterinsights_sitenote_active":false,"_monsterinsights_sitenote_note":"","_monsterinsights_sitenote_category":0,"footnotes":""},"class_list":["post-4724","page","type-page","status-publish","hentry"],"yoast_head":"<!-- This site is optimized with the Yoast SEO plugin v27.3 - https:\/\/yoast.com\/product\/yoast-seo-wordpress\/ -->\n<title>Satzung - Caf\u00e9 22<\/title>\n<meta name=\"robots\" content=\"noindex, nofollow\" \/>\n<meta property=\"og:locale\" content=\"de_DE\" \/>\n<meta property=\"og:type\" content=\"article\" \/>\n<meta property=\"og:title\" content=\"Satzung - Caf\u00e9 22\" \/>\n<meta property=\"og:description\" content=\"Satzung I. DEFINICJE POJ\u0118\u0106 U\u017bYTYCH W NINIEJSZYM DOKUMENCIE: \u201ePazim&#8220; &#8211; Pazim Sp. z o.o. z siedzib\u0105 w Szczecinie, przy placu Rod\u0142a 8, wpisana do rejestru przedsi\u0119biorc\u00f3w Krajowego Rejestru S\u0105dowego prowadzonego przez S\u0105d Rejonowy Szczecin-Centrum w Szczecinie, XIII Wydzia\u0142 Gospodarczy KRS pod numerem 0000148810, NIP 851-020-83-82, kapita\u0142 zak\u0142adowy 153.267.157,50 z\u0142. \u201eCaf\u00e9 22&#8243; &#8211; wchodz\u0105cy w sk\u0142ad przedsi\u0119biorstwa Pazim lokal Caf\u00e9 22 znajduj\u0105cy si\u0119 przy placu Rod\u0142a 8 w Szczecinie, w ramach kt\u00f3rego Pazim [&hellip;]\" \/>\n<meta property=\"og:url\" content=\"https:\/\/cafe22.pl\/de\/satzung\/\" \/>\n<meta property=\"og:site_name\" content=\"Caf\u00e9 22\" \/>\n<meta property=\"article:publisher\" content=\"https:\/\/www.facebook.com\/Kawiarnia.Cafe.22\" \/>\n<meta property=\"article:modified_time\" content=\"2022-05-11T11:59:47+00:00\" \/>\n<meta name=\"twitter:card\" content=\"summary_large_image\" \/>\n<meta name=\"twitter:site\" content=\"@cafe22_szczecin\" \/>\n<meta name=\"twitter:label1\" content=\"Gesch\u00e4tzte Lesezeit\" \/>\n\t<meta name=\"twitter:data1\" content=\"9\u00a0Minuten\" \/>\n<script type=\"application\/ld+json\" class=\"yoast-schema-graph\">{\"@context\":\"https:\\\/\\\/schema.org\",\"@graph\":[{\"@type\":\"WebPage\",\"@id\":\"https:\\\/\\\/cafe22.pl\\\/de\\\/satzung\\\/\",\"url\":\"https:\\\/\\\/cafe22.pl\\\/de\\\/satzung\\\/\",\"name\":\"Satzung - Caf\u00e9 22\",\"isPartOf\":{\"@id\":\"https:\\\/\\\/cafe22.pl\\\/de\\\/#website\"},\"datePublished\":\"2022-03-30T12:43:23+00:00\",\"dateModified\":\"2022-05-11T11:59:47+00:00\",\"breadcrumb\":{\"@id\":\"https:\\\/\\\/cafe22.pl\\\/de\\\/satzung\\\/#breadcrumb\"},\"inLanguage\":\"de\",\"potentialAction\":[{\"@type\":\"ReadAction\",\"target\":[\"https:\\\/\\\/cafe22.pl\\\/de\\\/satzung\\\/\"]}]},{\"@type\":\"BreadcrumbList\",\"@id\":\"https:\\\/\\\/cafe22.pl\\\/de\\\/satzung\\\/#breadcrumb\",\"itemListElement\":[{\"@type\":\"ListItem\",\"position\":1,\"name\":\"Hauptseite\",\"item\":\"https:\\\/\\\/cafe22.pl\\\/de\\\/\"},{\"@type\":\"ListItem\",\"position\":2,\"name\":\"Satzung\"}]},{\"@type\":\"WebSite\",\"@id\":\"https:\\\/\\\/cafe22.pl\\\/de\\\/#website\",\"url\":\"https:\\\/\\\/cafe22.pl\\\/de\\\/\",\"name\":\"Caf\u00e9 22\",\"description\":\"Kawiarnia na najwy\u017cszym poziomie\",\"publisher\":{\"@id\":\"https:\\\/\\\/cafe22.pl\\\/de\\\/#organization\"},\"potentialAction\":[{\"@type\":\"SearchAction\",\"target\":{\"@type\":\"EntryPoint\",\"urlTemplate\":\"https:\\\/\\\/cafe22.pl\\\/de\\\/?s={search_term_string}\"},\"query-input\":{\"@type\":\"PropertyValueSpecification\",\"valueRequired\":true,\"valueName\":\"search_term_string\"}}],\"inLanguage\":\"de\"},{\"@type\":\"Organization\",\"@id\":\"https:\\\/\\\/cafe22.pl\\\/de\\\/#organization\",\"name\":\"Caf\u00e9 22\",\"url\":\"https:\\\/\\\/cafe22.pl\\\/de\\\/\",\"logo\":{\"@type\":\"ImageObject\",\"inLanguage\":\"de\",\"@id\":\"https:\\\/\\\/cafe22.pl\\\/de\\\/#\\\/schema\\\/logo\\\/image\\\/\",\"url\":\"https:\\\/\\\/cafe22.pl\\\/wp-content\\\/uploads\\\/2022\\\/03\\\/Cafe22-logo-standard-1.png\",\"contentUrl\":\"https:\\\/\\\/cafe22.pl\\\/wp-content\\\/uploads\\\/2022\\\/03\\\/Cafe22-logo-standard-1.png\",\"width\":330,\"height\":156,\"caption\":\"Caf\u00e9 22\"},\"image\":{\"@id\":\"https:\\\/\\\/cafe22.pl\\\/de\\\/#\\\/schema\\\/logo\\\/image\\\/\"},\"sameAs\":[\"https:\\\/\\\/www.facebook.com\\\/Kawiarnia.Cafe.22\",\"https:\\\/\\\/x.com\\\/cafe22_szczecin\",\"https:\\\/\\\/www.instagram.com\\\/cafe22_kawiarnia\\\/\"]}]}<\/script>\n<!-- \/ Yoast SEO plugin. -->","yoast_head_json":{"title":"Satzung - Caf\u00e9 22","robots":{"index":"noindex","follow":"nofollow"},"og_locale":"de_DE","og_type":"article","og_title":"Satzung - Caf\u00e9 22","og_description":"Satzung I. DEFINICJE POJ\u0118\u0106 U\u017bYTYCH W NINIEJSZYM DOKUMENCIE: \u201ePazim&#8220; &#8211; Pazim Sp. z o.o. z siedzib\u0105 w Szczecinie, przy placu Rod\u0142a 8, wpisana do rejestru przedsi\u0119biorc\u00f3w Krajowego Rejestru S\u0105dowego prowadzonego przez S\u0105d Rejonowy Szczecin-Centrum w Szczecinie, XIII Wydzia\u0142 Gospodarczy KRS pod numerem 0000148810, NIP 851-020-83-82, kapita\u0142 zak\u0142adowy 153.267.157,50 z\u0142. \u201eCaf\u00e9 22&#8243; &#8211; wchodz\u0105cy w sk\u0142ad przedsi\u0119biorstwa Pazim lokal Caf\u00e9 22 znajduj\u0105cy si\u0119 przy placu Rod\u0142a 8 w Szczecinie, w ramach kt\u00f3rego Pazim [&hellip;]","og_url":"https:\/\/cafe22.pl\/de\/satzung\/","og_site_name":"Caf\u00e9 22","article_publisher":"https:\/\/www.facebook.com\/Kawiarnia.Cafe.22","article_modified_time":"2022-05-11T11:59:47+00:00","twitter_card":"summary_large_image","twitter_site":"@cafe22_szczecin","twitter_misc":{"Gesch\u00e4tzte Lesezeit":"9\u00a0Minuten"},"schema":{"@context":"https:\/\/schema.org","@graph":[{"@type":"WebPage","@id":"https:\/\/cafe22.pl\/de\/satzung\/","url":"https:\/\/cafe22.pl\/de\/satzung\/","name":"Satzung - Caf\u00e9 22","isPartOf":{"@id":"https:\/\/cafe22.pl\/de\/#website"},"datePublished":"2022-03-30T12:43:23+00:00","dateModified":"2022-05-11T11:59:47+00:00","breadcrumb":{"@id":"https:\/\/cafe22.pl\/de\/satzung\/#breadcrumb"},"inLanguage":"de","potentialAction":[{"@type":"ReadAction","target":["https:\/\/cafe22.pl\/de\/satzung\/"]}]},{"@type":"BreadcrumbList","@id":"https:\/\/cafe22.pl\/de\/satzung\/#breadcrumb","itemListElement":[{"@type":"ListItem","position":1,"name":"Hauptseite","item":"https:\/\/cafe22.pl\/de\/"},{"@type":"ListItem","position":2,"name":"Satzung"}]},{"@type":"WebSite","@id":"https:\/\/cafe22.pl\/de\/#website","url":"https:\/\/cafe22.pl\/de\/","name":"Caf\u00e9 22","description":"Kawiarnia na najwy\u017cszym poziomie","publisher":{"@id":"https:\/\/cafe22.pl\/de\/#organization"},"potentialAction":[{"@type":"SearchAction","target":{"@type":"EntryPoint","urlTemplate":"https:\/\/cafe22.pl\/de\/?s={search_term_string}"},"query-input":{"@type":"PropertyValueSpecification","valueRequired":true,"valueName":"search_term_string"}}],"inLanguage":"de"},{"@type":"Organization","@id":"https:\/\/cafe22.pl\/de\/#organization","name":"Caf\u00e9 22","url":"https:\/\/cafe22.pl\/de\/","logo":{"@type":"ImageObject","inLanguage":"de","@id":"https:\/\/cafe22.pl\/de\/#\/schema\/logo\/image\/","url":"https:\/\/cafe22.pl\/wp-content\/uploads\/2022\/03\/Cafe22-logo-standard-1.png","contentUrl":"https:\/\/cafe22.pl\/wp-content\/uploads\/2022\/03\/Cafe22-logo-standard-1.png","width":330,"height":156,"caption":"Caf\u00e9 22"},"image":{"@id":"https:\/\/cafe22.pl\/de\/#\/schema\/logo\/image\/"},"sameAs":["https:\/\/www.facebook.com\/Kawiarnia.Cafe.22","https:\/\/x.com\/cafe22_szczecin","https:\/\/www.instagram.com\/cafe22_kawiarnia\/"]}]}},"publishpress_future_action":{"enabled":false,"date":"2026-05-03 14:59:35","action":"change-status","newStatus":"draft","terms":[],"taxonomy":"translation_priority","extraData":[]},"publishpress_future_workflow_manual_trigger":{"enabledWorkflows":[]},"_links":{"self":[{"href":"https:\/\/cafe22.pl\/de\/wp-json\/wp\/v2\/pages\/4724","targetHints":{"allow":["GET"]}}],"collection":[{"href":"https:\/\/cafe22.pl\/de\/wp-json\/wp\/v2\/pages"}],"about":[{"href":"https:\/\/cafe22.pl\/de\/wp-json\/wp\/v2\/types\/page"}],"author":[{"embeddable":true,"href":"https:\/\/cafe22.pl\/de\/wp-json\/wp\/v2\/users\/1"}],"replies":[{"embeddable":true,"href":"https:\/\/cafe22.pl\/de\/wp-json\/wp\/v2\/comments?post=4724"}],"version-history":[{"count":2,"href":"https:\/\/cafe22.pl\/de\/wp-json\/wp\/v2\/pages\/4724\/revisions"}],"predecessor-version":[{"id":4995,"href":"https:\/\/cafe22.pl\/de\/wp-json\/wp\/v2\/pages\/4724\/revisions\/4995"}],"wp:attachment":[{"href":"https:\/\/cafe22.pl\/de\/wp-json\/wp\/v2\/media?parent=4724"}],"curies":[{"name":"wp","href":"https:\/\/api.w.org\/{rel}","templated":true}]}}