{"id":4738,"date":"2022-03-18T14:20:45","date_gmt":"2022-03-18T13:20:45","guid":{"rendered":"https:\/\/devcafe22.pazim.pl\/privatsphaere\/"},"modified":"2022-04-27T15:17:56","modified_gmt":"2022-04-27T13:17:56","slug":"privatsphaere","status":"publish","type":"page","link":"https:\/\/cafe22.pl\/de\/privatsphaere\/","title":{"rendered":"Privatsph\u00e4re"},"content":{"rendered":"<h4>Privatsph\u00e4re<\/h4>\n<p>Die Erkl\u00e4rung \u00fcber den Schutz der personenbezogenen Daten in dem Portal www.cafe22.pl sowie [weiter: INTERNETSEITEN] wurde von der Firma PAZIM Sp. z o.o. vorbereitet und ist ein Zeugnis daf\u00fcr, dass sie die Probleme des Schutzes der personenbezogenen Daten in den Internetportalen wahrnimmt. Die unten stehenden Abs\u00e4tze enthalten die in den oben genannten Portalen geltenden Regeln f\u00fcr die Erhebung und Verbreitung von Informationen \u00fcber die Kunden:<\/p>\n<p>\u00a7 1. INTERNETSEITEN beschr\u00e4nken die Nutzung und Erhebung von Informationen \u00fcber die Kunden auf das n\u00f6tigste Minimum, das die Erbringung von Dienstleistungen h\u00f6chsten Niveaus erm\u00f6glicht, was u.a. Benachrichtigung unserer Kunden \u00fcber die von uns angebotenen Produkte und Dienstleistungen umfasst.<\/p>\n<p>\u00a7 2. Durch das sich auf den INTERNETSEITEN befindende Feld \u201eNewsletter\u201d erheben wir die Informationen \u00fcber die Benutzer, wie E-Mail-Adresse oder personen- und adressenbezogene Daten. Die Daten werden nicht an Dritte \u00fcbermittelt, es sei denn, die vorherige Zustimmung der Benutzer wurde erteilt oder es wird durch die Vorschriften des geltenden Rechts erfordert und werden vor allem dazu benutzt, die Verpflichtungen gegen\u00fcber den Kunden, u.a. Abonnement und Nachrichtensubskription, zu erf\u00fclle<\/p>\n<p>\u00a7 3. Wir nutzen die IP-Adressen der Benutzer, um die Probleme mit unserem Server zu diagnostizieren, Sicherheitsverletzungen zu analysieren und unsere INTERNETSEITEN zu verwalten. Die IP-Adresse ist zwecks Identifizierung und Erhebung von demografischen Daten der das Portal besuchenden Personen (z.B. Informationen \u00fcber die Region, aus der die Verbindung zustande gekommen ist). Die Daten werden keinesfalls mit den personenbezogenen Daten der Subskribenten von E-Mail-Listen und anderen von den INTERNETSEITEN erbrachten Dienstleistungen verbunden.<\/p>\n<p>\u00a7 4. Anhand von den erhobenen Daten werden in besonderen F\u00e4llen Allgemeinstatistiken aufgestellt, die an Dritte \u00fcbermittelt werden. Sie umfassen meistens Informationen \u00fcber die Besucherquote. Die Aufstellungen enthalten aber keine die Identifikation der einzelnen Benutzer der INTERNETSEITEN erm\u00f6glichenden Daten.<\/p>\n<p>\u00a7 5. Gelegentlich verwenden die INTERNETSEITEN \u201eCookies\u201d, die das Benutzen ihrer Best\u00e4nde einfacher machen. Die \u201eCookies\u201d enthalten brauchbare Informationen und werden am Benutzercomputer gespeichert \u2013 unser Server kann sie bei der n\u00e4chsten Verbindung mit dem Computer lesen. Das Ausschalten von \u201eCookies\u201d in der Suchmaschine entzieht dem Benutzer die M\u00f6glichkeit nicht, den Bestand unserer INTERNETSEITEN in Anspruch zu nehmen.<\/p>\n<p>\u00a7 6. Die INTERNETSEITEN verwenden \u201eCookies\u201d, um den den Benutzern meist entsprechenden Inhalt zu liefern, sowie zu anderen Zwecken (z.B. Aufstellung von einem Ranking der meist besuchten Unterseiten).<\/p>\n<p>\u00a7 7. Unsere INTERNETSEITEN k\u00f6nnen Bestellungsformulare enthalten, die den Kunden erm\u00f6glichen, Informationen, Produkte und Dienstleistungen zu bestellen. Die Formulare erm\u00f6glichen, die Kontaktdaten der Besucher (z.B. E-Mail-Adressen der Benutzer) zu erheben. Die Daten aus den Formularen werden zwecks der Bestellungsabwicklung sowie Zustellung von Informationen \u00fcber unsere Firma und von Werbematerialien an manche unserer Partner verwendet.<\/p>\n<p>\u00a7 8. Die Kontaktdaten der Kunden werden auch dazu benutzt, falls n\u00f6tig mit ihnen in Kontakt zu treten (z.B. bei Bestellungsbest\u00e4tigung). Die Benutzer haben die M\u00f6glichkeit, aufs Erhalten unserer E-Mails zu verzichten.<\/p>\n<p>\u00a7 9. W\u00e4hrend der Durchf\u00fchrung von Umfragen bitten wir die Befragten, die Kontaktdaten (z.B. E-Mail-Adresse) anzugeben. In begr\u00fcndeten F\u00e4llen verwenden wir die den Umfragen entnommenen Kontaktdaten zum Verschicken von Informationen \u00fcber unsere Firma an die Benutzer sowie von Werbematerialien an manche unserer Partner. Die Kontaktdaten der Kunden werden auch dazu verwendet, falls n\u00f6tig mit ihnen in Kontakt zu treten. Die an den Umfragen Teilnehmenden haben die M\u00f6glichkeit, aufs Erhalten unserer E-Mails zu verzichten.<\/p>\n<p>\u00a7 10. Auf unseren INTERNETSEITEN werden Wettbewerbe ausgeschrieben, wobei wir die Besucher bitten, Kontaktdaten (z.B. E-Mail-Adresse) anzugeben.Die Kontaktdaten von den an unseren Wettbewerben teilnehmenden Personen werden dazu verwendet, Informationen \u00fcber unsere Firma an die Benutzer sowie von Werbematerialien an manche unserer Partner zu verschicken. Die Kontaktdaten der an unseren Wettbewerben teilnehmenden Personen werden auch dazu verwendet, falls n\u00f6tig mit ihnen in Kontakt zu treten (Preis\u00fcbergabe). Die an unseren Wettbewerben teilnehmenden Personen haben die M\u00f6glichkeit, aufs Erhalten unserer E-Mails zu verzichten.<\/p>\n<p>\u00a7 11. Die INTERNETSEITEN \u00fcberwachen und verifizieren das Alter ihres Publikums \u2013 Empf\u00e4nger und Benutzer von E-Mail-Listen, an den Umfragen und Wettbewerben Teilnehmender, nicht. Die Kontaktdaten der Besucher (z.B. E-Mail-Adressen) werden zwecks der Bestellungsabwicklung sowie Zustellung von Informationen \u00fcber unsere Firma und von Werbematerialien an manche unserer Partner verwendet.<\/p>\n<p>\u00a7 12. Minderj\u00e4hrige sollen keine Daten angeben, keine Bestellungen vornehmen sowie keine von unserem Service erbrachten Dienstleistungen in Anspruch nehmen, ohne dar\u00fcber ihre Eltern oder Betreuer in Kenntnis zu setzen.<\/p>\n<p>\u00a7 13. Die INTERNETSEITEN verf\u00fcgen \u00fcber Schutzma\u00dfnahmen, die zum Schutz der von uns kontrollierten Daten vor Verlust, Missbrauch und Modifizierung dienen. Wir verpflichten uns, alle uns von den Kunden vertrauten Informationen gem\u00e4\u00df den Sicherheits- und Vertraulichkeitsnormen zu sch\u00fctzen. Die Rechte auf den Zugang zu den personenbezogenen Daten der Servicebenutzer wurden strikt beschr\u00e4nkt, so dass die Daten nicht in die H\u00e4nde eines Unbefugten gelangen.<\/p>\n<p>\u00a7 14. Zu den personen- und adressenbezogenen Daten hat nur eine begrenzte Anzahl von befugten Mitarbeitern von PAZIM Sp. z o.o. gem\u00e4\u00df der Verordnung des Ministers f\u00fcr Inneres und Verwaltung vom 3. Juni 1998 (Gesetzblatt nr 80, Verordnung nr 521) den Zugang.<\/p>\n<p>\u00a7 15. Die INTERNETSEITEN bieten den Benutzern die M\u00f6glichkeit an, auf das Erhalten von jeglichen Informationen von uns und unseren Partnern schon in dem Moment zu verzichten, wenn wir um die personenbezogenen Daten der Besucher bitten. Unsere Website stellt den Benutzern einige M\u00f6glichkeiten bereit, Daten \u00fcber sich aus unserer Datenbank zu l\u00f6schen, mit E-Mails verschickte Informationen zu stoppen oder auf unsere Dienstleistungen zu verzichten. Man kann das machen, indem man nach der unseren Nachrichten beigef\u00fcgten Anleitung vorgeht sowie eine E-Mail an die Adresse: marketing@pazim.pl, verschickt.<\/p>\n<p>\u00a7 16. Die sich auf den zur PAZIM Sp. z o.o. geh\u00f6renden INTERNETSEITEN befindenden Gastformulare, die Dienstleistungen, Produkte, Service und Zeitschriften betreffen, und nicht von PAZIM Sp. z o.o. verwaltet werden unterliegen (nicht) der Privacy Policy.<\/p>\n<p>\u00a7 17. Die Benutzer, die Fragen bez\u00fcglich der vorliegenden Erkl\u00e4rung \u00fcber Privacy Policy, der auf den INTERNETSEITEN eingesetzten Praxis oder der Art und Weise der Kontaktunterhaltung haben, werden gebeten, ihre Bemerkungen an die Adresse: marketing@pazim.pl zu schicken.<\/p>\n<p>Die Erkl\u00e4rung \u00fcber den Schutz der personenbezogenen Daten in dem Portal www.cafe22.pl sowie [weiter: INTERNETSEITEN] wurde von der Firma PAZIM Sp. z o.o. vorbereitet und ist ein Zeugnis daf\u00fcr, dass sie die Probleme des Schutzes der personenbezogenen Daten in den Internetportalen wahrnimmt. Die unten stehenden Abs\u00e4tze enthalten die in den oben genannten Portalen geltenden Regeln f\u00fcr die Erhebung und Verbreitung von Informationen \u00fcber die Kunden:<\/p>\n<p>\u00a7 1. INTERNETSEITEN beschr\u00e4nken die Nutzung und Erhebung von Informationen \u00fcber die Kunden auf das n\u00f6tigste Minimum, das die Erbringung von Dienstleistungen h\u00f6chsten Niveaus erm\u00f6glicht, was u.a. Benachrichtigung unserer Kunden \u00fcber die von uns angebotenen Produkte und Dienstleistungen umfasst.<\/p>\n<p>\u00a7 2. Durch das sich auf den INTERNETSEITEN befindende Feld \u201eNewsletter\u201d erheben wir die Informationen \u00fcber die Benutzer, wie E-Mail-Adresse oder personen- und adressenbezogene Daten. Die Daten werden nicht an Dritte \u00fcbermittelt, es sei denn, die vorherige Zustimmung der Benutzer wurde erteilt oder es wird durch die Vorschriften des geltenden Rechts erfordert und werden vor allem dazu benutzt, die Verpflichtungen gegen\u00fcber den Kunden, u.a. Abonnement und Nachrichtensubskription, zu erf\u00fclle<\/p>\n<p>\u00a7 3. Wir nutzen die IP-Adressen der Benutzer, um die Probleme mit unserem Server zu diagnostizieren, Sicherheitsverletzungen zu analysieren und unsere INTERNETSEITEN zu verwalten. Die IP-Adresse ist zwecks Identifizierung und Erhebung von demografischen Daten der das Portal besuchenden Personen (z.B. Informationen \u00fcber die Region, aus der die Verbindung zustande gekommen ist). Die Daten werden keinesfalls mit den personenbezogenen Daten der Subskribenten von E-Mail-Listen und anderen von den INTERNETSEITEN erbrachten Dienstleistungen verbunden.<\/p>\n<p>\u00a7 4. Anhand von den erhobenen Daten werden in besonderen F\u00e4llen Allgemeinstatistiken aufgestellt, die an Dritte \u00fcbermittelt werden. Sie umfassen meistens Informationen \u00fcber die Besucherquote. Die Aufstellungen enthalten aber keine die Identifikation der einzelnen Benutzer der INTERNETSEITEN erm\u00f6glichenden Daten.<\/p>\n<p>\u00a7 5. Gelegentlich verwenden die INTERNETSEITEN \u201eCookies\u201d, die das Benutzen ihrer Best\u00e4nde einfacher machen. Die \u201eCookies\u201d enthalten brauchbare Informationen und werden am Benutzercomputer gespeichert \u2013 unser Server kann sie bei der n\u00e4chsten Verbindung mit dem Computer lesen. Das Ausschalten von \u201eCookies\u201d in der Suchmaschine entzieht dem Benutzer die M\u00f6glichkeit nicht, den Bestand unserer INTERNETSEITEN in Anspruch zu nehmen.<\/p>\n<p>\u00a7 6. Die INTERNETSEITEN verwenden \u201eCookies\u201d, um den den Benutzern meist entsprechenden Inhalt zu liefern, sowie zu anderen Zwecken (z.B. Aufstellung von einem Ranking der meist besuchten Unterseiten).<\/p>\n<p>\u00a7 7. Unsere INTERNETSEITEN k\u00f6nnen Bestellungsformulare enthalten, die den Kunden erm\u00f6glichen, Informationen, Produkte und Dienstleistungen zu bestellen. Die Formulare erm\u00f6glichen, die Kontaktdaten der Besucher (z.B. E-Mail-Adressen der Benutzer) zu erheben. Die Daten aus den Formularen werden zwecks der Bestellungsabwicklung sowie Zustellung von Informationen \u00fcber unsere Firma und von Werbematerialien an manche unserer Partner verwendet.<\/p>\n<p>\u00a7 8. Die Kontaktdaten der Kunden werden auch dazu benutzt, falls n\u00f6tig mit ihnen in Kontakt zu treten (z.B. bei Bestellungsbest\u00e4tigung). Die Benutzer haben die M\u00f6glichkeit, aufs Erhalten unserer E-Mails zu verzichten.<\/p>\n<p>\u00a7 9. W\u00e4hrend der Durchf\u00fchrung von Umfragen bitten wir die Befragten, die Kontaktdaten (z.B. E-Mail-Adresse) anzugeben. In begr\u00fcndeten F\u00e4llen verwenden wir die den Umfragen entnommenen Kontaktdaten zum Verschicken von Informationen \u00fcber unsere Firma an die Benutzer sowie von Werbematerialien an manche unserer Partner. Die Kontaktdaten der Kunden werden auch dazu verwendet, falls n\u00f6tig mit ihnen in Kontakt zu treten. Die an den Umfragen Teilnehmenden haben die M\u00f6glichkeit, aufs Erhalten unserer E-Mails zu verzichten.<\/p>\n<p>\u00a7 10. Auf unseren INTERNETSEITEN werden Wettbewerbe ausgeschrieben, wobei wir die Besucher bitten, Kontaktdaten (z.B. E-Mail-Adresse) anzugeben.Die Kontaktdaten von den an unseren Wettbewerben teilnehmenden Personen werden dazu verwendet, Informationen \u00fcber unsere Firma an die Benutzer sowie von Werbematerialien an manche unserer Partner zu verschicken. Die Kontaktdaten der an unseren Wettbewerben teilnehmenden Personen werden auch dazu verwendet, falls n\u00f6tig mit ihnen in Kontakt zu treten (Preis\u00fcbergabe). Die an unseren Wettbewerben teilnehmenden Personen haben die M\u00f6glichkeit, aufs Erhalten unserer E-Mails zu verzichten.<\/p>\n<p>\u00a7 11. Die INTERNETSEITEN \u00fcberwachen und verifizieren das Alter ihres Publikums \u2013 Empf\u00e4nger und Benutzer von E-Mail-Listen, an den Umfragen und Wettbewerben Teilnehmender, nicht. Die Kontaktdaten der Besucher (z.B. E-Mail-Adressen) werden zwecks der Bestellungsabwicklung sowie Zustellung von Informationen \u00fcber unsere Firma und von Werbematerialien an manche unserer Partner verwendet.<\/p>\n<p>\u00a7 12. Minderj\u00e4hrige sollen keine Daten angeben, keine Bestellungen vornehmen sowie keine von unserem Service erbrachten Dienstleistungen in Anspruch nehmen, ohne dar\u00fcber ihre Eltern oder Betreuer in Kenntnis zu setzen.<\/p>\n<p>\u00a7 13. Die INTERNETSEITEN verf\u00fcgen \u00fcber Schutzma\u00dfnahmen, die zum Schutz der von uns kontrollierten Daten vor Verlust, Missbrauch und Modifizierung dienen. Wir verpflichten uns, alle uns von den Kunden vertrauten Informationen gem\u00e4\u00df den Sicherheits- und Vertraulichkeitsnormen zu sch\u00fctzen. Die Rechte auf den Zugang zu den personenbezogenen Daten der Servicebenutzer wurden strikt beschr\u00e4nkt, so dass die Daten nicht in die H\u00e4nde eines Unbefugten gelangen.<\/p>\n<p>\u00a7 14. Zu den personen- und adressenbezogenen Daten hat nur eine begrenzte Anzahl von befugten Mitarbeitern von PAZIM Sp. z o.o. gem\u00e4\u00df der Verordnung des Ministers f\u00fcr Inneres und Verwaltung vom 3. Juni 1998 (Gesetzblatt nr 80, Verordnung nr 521) den Zugang.<\/p>\n<p>\u00a7 15. Die INTERNETSEITEN bieten den Benutzern die M\u00f6glichkeit an, auf das Erhalten von jeglichen Informationen von uns und unseren Partnern schon in dem Moment zu verzichten, wenn wir um die personenbezogenen Daten der Besucher bitten. Unsere Website stellt den Benutzern einige M\u00f6glichkeiten bereit, Daten \u00fcber sich aus unserer Datenbank zu l\u00f6schen, mit E-Mails verschickte Informationen zu stoppen oder auf unsere Dienstleistungen zu verzichten. Man kann das machen, indem man nach der unseren Nachrichten beigef\u00fcgten Anleitung vorgeht sowie eine E-Mail an die Adresse: marketing@pazim.pl, verschickt.<\/p>\n<p>\u00a7 16. Die sich auf den zur PAZIM Sp. z o.o. geh\u00f6renden INTERNETSEITEN befindenden Gastformulare, die Dienstleistungen, Produkte, Service und Zeitschriften betreffen, und nicht von PAZIM Sp. z o.o. verwaltet werden unterliegen (nicht) der Privacy Policy.<\/p>\n<p>\u00a7 17. Die Benutzer, die Fragen bez\u00fcglich der vorliegenden Erkl\u00e4rung \u00fcber Privacy Policy, der auf den INTERNETSEITEN eingesetzten Praxis oder der Art und Weise der Kontaktunterhaltung haben, werden gebeten, ihre Bemerkungen an die Adresse: marketing@pazim.pl zu schicken.<\/p>\n","protected":false},"excerpt":{"rendered":"<p>Privatsph\u00e4re Die Erkl\u00e4rung \u00fcber den Schutz der personenbezogenen Daten in dem Portal www.cafe22.pl sowie [weiter: INTERNETSEITEN] wurde von der Firma PAZIM Sp. z o.o. vorbereitet und ist ein Zeugnis daf\u00fcr, dass sie die Probleme des Schutzes der personenbezogenen Daten in den Internetportalen wahrnimmt. Die unten stehenden Abs\u00e4tze enthalten die in den oben genannten Portalen geltenden Regeln f\u00fcr die Erhebung und Verbreitung von Informationen \u00fcber die Kunden: \u00a7 1. INTERNETSEITEN beschr\u00e4nken die Nutzung [&hellip;]<\/p>\n","protected":false},"author":1,"featured_media":0,"parent":0,"menu_order":0,"comment_status":"closed","ping_status":"closed","template":"","meta":{"_monsterinsights_skip_tracking":false,"_monsterinsights_sitenote_active":false,"_monsterinsights_sitenote_note":"","_monsterinsights_sitenote_category":0,"footnotes":""},"class_list":["post-4738","page","type-page","status-publish","hentry"],"yoast_head":"<!-- This site is optimized with the Yoast SEO plugin v27.3 - https:\/\/yoast.com\/product\/yoast-seo-wordpress\/ -->\n<title>Privatsph\u00e4re - Caf\u00e9 22<\/title>\n<meta name=\"robots\" content=\"noindex, nofollow\" \/>\n<meta property=\"og:locale\" content=\"de_DE\" \/>\n<meta property=\"og:type\" content=\"article\" \/>\n<meta property=\"og:title\" content=\"Privatsph\u00e4re - Caf\u00e9 22\" \/>\n<meta property=\"og:description\" content=\"Privatsph\u00e4re Die Erkl\u00e4rung \u00fcber den Schutz der personenbezogenen Daten in dem Portal www.cafe22.pl sowie [weiter: INTERNETSEITEN] wurde von der Firma PAZIM Sp. z o.o. vorbereitet und ist ein Zeugnis daf\u00fcr, dass sie die Probleme des Schutzes der personenbezogenen Daten in den Internetportalen wahrnimmt. Die unten stehenden Abs\u00e4tze enthalten die in den oben genannten Portalen geltenden Regeln f\u00fcr die Erhebung und Verbreitung von Informationen \u00fcber die Kunden: \u00a7 1. INTERNETSEITEN beschr\u00e4nken die Nutzung [&hellip;]\" \/>\n<meta property=\"og:url\" content=\"https:\/\/cafe22.pl\/de\/privatsphaere\/\" \/>\n<meta property=\"og:site_name\" content=\"Caf\u00e9 22\" \/>\n<meta property=\"article:publisher\" content=\"https:\/\/www.facebook.com\/Kawiarnia.Cafe.22\" \/>\n<meta property=\"article:modified_time\" content=\"2022-04-27T13:17:56+00:00\" \/>\n<meta name=\"twitter:card\" content=\"summary_large_image\" \/>\n<meta name=\"twitter:site\" content=\"@cafe22_szczecin\" \/>\n<meta name=\"twitter:label1\" content=\"Gesch\u00e4tzte Lesezeit\" \/>\n\t<meta name=\"twitter:data1\" content=\"10\u00a0Minuten\" \/>\n<script type=\"application\/ld+json\" class=\"yoast-schema-graph\">{\"@context\":\"https:\\\/\\\/schema.org\",\"@graph\":[{\"@type\":\"WebPage\",\"@id\":\"https:\\\/\\\/cafe22.pl\\\/de\\\/privatsphaere\\\/\",\"url\":\"https:\\\/\\\/cafe22.pl\\\/de\\\/privatsphaere\\\/\",\"name\":\"Privatsph\u00e4re - Caf\u00e9 22\",\"isPartOf\":{\"@id\":\"https:\\\/\\\/cafe22.pl\\\/de\\\/#website\"},\"datePublished\":\"2022-03-18T13:20:45+00:00\",\"dateModified\":\"2022-04-27T13:17:56+00:00\",\"breadcrumb\":{\"@id\":\"https:\\\/\\\/cafe22.pl\\\/de\\\/privatsphaere\\\/#breadcrumb\"},\"inLanguage\":\"de\",\"potentialAction\":[{\"@type\":\"ReadAction\",\"target\":[\"https:\\\/\\\/cafe22.pl\\\/de\\\/privatsphaere\\\/\"]}]},{\"@type\":\"BreadcrumbList\",\"@id\":\"https:\\\/\\\/cafe22.pl\\\/de\\\/privatsphaere\\\/#breadcrumb\",\"itemListElement\":[{\"@type\":\"ListItem\",\"position\":1,\"name\":\"Hauptseite\",\"item\":\"https:\\\/\\\/cafe22.pl\\\/de\\\/\"},{\"@type\":\"ListItem\",\"position\":2,\"name\":\"Privatsph\u00e4re\"}]},{\"@type\":\"WebSite\",\"@id\":\"https:\\\/\\\/cafe22.pl\\\/de\\\/#website\",\"url\":\"https:\\\/\\\/cafe22.pl\\\/de\\\/\",\"name\":\"Caf\u00e9 22\",\"description\":\"Kawiarnia na najwy\u017cszym poziomie\",\"publisher\":{\"@id\":\"https:\\\/\\\/cafe22.pl\\\/de\\\/#organization\"},\"potentialAction\":[{\"@type\":\"SearchAction\",\"target\":{\"@type\":\"EntryPoint\",\"urlTemplate\":\"https:\\\/\\\/cafe22.pl\\\/de\\\/?s={search_term_string}\"},\"query-input\":{\"@type\":\"PropertyValueSpecification\",\"valueRequired\":true,\"valueName\":\"search_term_string\"}}],\"inLanguage\":\"de\"},{\"@type\":\"Organization\",\"@id\":\"https:\\\/\\\/cafe22.pl\\\/de\\\/#organization\",\"name\":\"Caf\u00e9 22\",\"url\":\"https:\\\/\\\/cafe22.pl\\\/de\\\/\",\"logo\":{\"@type\":\"ImageObject\",\"inLanguage\":\"de\",\"@id\":\"https:\\\/\\\/cafe22.pl\\\/de\\\/#\\\/schema\\\/logo\\\/image\\\/\",\"url\":\"https:\\\/\\\/cafe22.pl\\\/wp-content\\\/uploads\\\/2022\\\/03\\\/Cafe22-logo-standard-1.png\",\"contentUrl\":\"https:\\\/\\\/cafe22.pl\\\/wp-content\\\/uploads\\\/2022\\\/03\\\/Cafe22-logo-standard-1.png\",\"width\":330,\"height\":156,\"caption\":\"Caf\u00e9 22\"},\"image\":{\"@id\":\"https:\\\/\\\/cafe22.pl\\\/de\\\/#\\\/schema\\\/logo\\\/image\\\/\"},\"sameAs\":[\"https:\\\/\\\/www.facebook.com\\\/Kawiarnia.Cafe.22\",\"https:\\\/\\\/x.com\\\/cafe22_szczecin\",\"https:\\\/\\\/www.instagram.com\\\/cafe22_kawiarnia\\\/\"]}]}<\/script>\n<!-- \/ Yoast SEO plugin. -->","yoast_head_json":{"title":"Privatsph\u00e4re - Caf\u00e9 22","robots":{"index":"noindex","follow":"nofollow"},"og_locale":"de_DE","og_type":"article","og_title":"Privatsph\u00e4re - Caf\u00e9 22","og_description":"Privatsph\u00e4re Die Erkl\u00e4rung \u00fcber den Schutz der personenbezogenen Daten in dem Portal www.cafe22.pl sowie [weiter: INTERNETSEITEN] wurde von der Firma PAZIM Sp. z o.o. vorbereitet und ist ein Zeugnis daf\u00fcr, dass sie die Probleme des Schutzes der personenbezogenen Daten in den Internetportalen wahrnimmt. Die unten stehenden Abs\u00e4tze enthalten die in den oben genannten Portalen geltenden Regeln f\u00fcr die Erhebung und Verbreitung von Informationen \u00fcber die Kunden: \u00a7 1. INTERNETSEITEN beschr\u00e4nken die Nutzung [&hellip;]","og_url":"https:\/\/cafe22.pl\/de\/privatsphaere\/","og_site_name":"Caf\u00e9 22","article_publisher":"https:\/\/www.facebook.com\/Kawiarnia.Cafe.22","article_modified_time":"2022-04-27T13:17:56+00:00","twitter_card":"summary_large_image","twitter_site":"@cafe22_szczecin","twitter_misc":{"Gesch\u00e4tzte Lesezeit":"10\u00a0Minuten"},"schema":{"@context":"https:\/\/schema.org","@graph":[{"@type":"WebPage","@id":"https:\/\/cafe22.pl\/de\/privatsphaere\/","url":"https:\/\/cafe22.pl\/de\/privatsphaere\/","name":"Privatsph\u00e4re - Caf\u00e9 22","isPartOf":{"@id":"https:\/\/cafe22.pl\/de\/#website"},"datePublished":"2022-03-18T13:20:45+00:00","dateModified":"2022-04-27T13:17:56+00:00","breadcrumb":{"@id":"https:\/\/cafe22.pl\/de\/privatsphaere\/#breadcrumb"},"inLanguage":"de","potentialAction":[{"@type":"ReadAction","target":["https:\/\/cafe22.pl\/de\/privatsphaere\/"]}]},{"@type":"BreadcrumbList","@id":"https:\/\/cafe22.pl\/de\/privatsphaere\/#breadcrumb","itemListElement":[{"@type":"ListItem","position":1,"name":"Hauptseite","item":"https:\/\/cafe22.pl\/de\/"},{"@type":"ListItem","position":2,"name":"Privatsph\u00e4re"}]},{"@type":"WebSite","@id":"https:\/\/cafe22.pl\/de\/#website","url":"https:\/\/cafe22.pl\/de\/","name":"Caf\u00e9 22","description":"Kawiarnia na najwy\u017cszym poziomie","publisher":{"@id":"https:\/\/cafe22.pl\/de\/#organization"},"potentialAction":[{"@type":"SearchAction","target":{"@type":"EntryPoint","urlTemplate":"https:\/\/cafe22.pl\/de\/?s={search_term_string}"},"query-input":{"@type":"PropertyValueSpecification","valueRequired":true,"valueName":"search_term_string"}}],"inLanguage":"de"},{"@type":"Organization","@id":"https:\/\/cafe22.pl\/de\/#organization","name":"Caf\u00e9 22","url":"https:\/\/cafe22.pl\/de\/","logo":{"@type":"ImageObject","inLanguage":"de","@id":"https:\/\/cafe22.pl\/de\/#\/schema\/logo\/image\/","url":"https:\/\/cafe22.pl\/wp-content\/uploads\/2022\/03\/Cafe22-logo-standard-1.png","contentUrl":"https:\/\/cafe22.pl\/wp-content\/uploads\/2022\/03\/Cafe22-logo-standard-1.png","width":330,"height":156,"caption":"Caf\u00e9 22"},"image":{"@id":"https:\/\/cafe22.pl\/de\/#\/schema\/logo\/image\/"},"sameAs":["https:\/\/www.facebook.com\/Kawiarnia.Cafe.22","https:\/\/x.com\/cafe22_szczecin","https:\/\/www.instagram.com\/cafe22_kawiarnia\/"]}]}},"publishpress_future_action":{"enabled":false,"date":"2026-05-20 23:19:25","action":"change-status","newStatus":"draft","terms":[],"taxonomy":"translation_priority","extraData":[]},"publishpress_future_workflow_manual_trigger":{"enabledWorkflows":[]},"_links":{"self":[{"href":"https:\/\/cafe22.pl\/de\/wp-json\/wp\/v2\/pages\/4738","targetHints":{"allow":["GET"]}}],"collection":[{"href":"https:\/\/cafe22.pl\/de\/wp-json\/wp\/v2\/pages"}],"about":[{"href":"https:\/\/cafe22.pl\/de\/wp-json\/wp\/v2\/types\/page"}],"author":[{"embeddable":true,"href":"https:\/\/cafe22.pl\/de\/wp-json\/wp\/v2\/users\/1"}],"replies":[{"embeddable":true,"href":"https:\/\/cafe22.pl\/de\/wp-json\/wp\/v2\/comments?post=4738"}],"version-history":[{"count":1,"href":"https:\/\/cafe22.pl\/de\/wp-json\/wp\/v2\/pages\/4738\/revisions"}],"predecessor-version":[{"id":4740,"href":"https:\/\/cafe22.pl\/de\/wp-json\/wp\/v2\/pages\/4738\/revisions\/4740"}],"wp:attachment":[{"href":"https:\/\/cafe22.pl\/de\/wp-json\/wp\/v2\/media?parent=4738"}],"curies":[{"name":"wp","href":"https:\/\/api.w.org\/{rel}","templated":true}]}}