{"id":4762,"date":"2022-04-01T13:27:33","date_gmt":"2022-04-01T11:27:33","guid":{"rendered":"https:\/\/devcafe22.pazim.pl\/produkt\/geschenkgutschein\/"},"modified":"2022-05-23T10:22:35","modified_gmt":"2022-05-23T08:22:35","slug":"geschenkgutschein","status":"publish","type":"product","link":"https:\/\/cafe22.pl\/de\/produkt\/geschenkgutschein\/","title":{"rendered":"Geschenkgutschein"},"content":{"rendered":"","protected":false},"excerpt":{"rendered":"<p>Schenken Sie Ihren Lieben eine tolle Aussicht und originelle Aromen! Mit Caf\u00e9 22-Geschenkgutscheinen k\u00f6nnen Sie jeden Artikel auf der Caf\u00e9-Speisekarte \u201ebezahlen\u201c. Wenn der auf dem Gutschein angegebene Betrag \u00fcberschritten wird, kann der Rest auf herk\u00f6mmliche Weise bezahlt werden. Es ist das perfekte Geschenk f\u00fcr jeden Anlass.<\/p>\n<p>&nbsp;<\/p>\n<p><a href=\"\/warunki-sprzedazy-i-realizacji-bonow-podarunkowych\/\" target=\"_blank\" rel=\"noopener\">Satzung<\/a><\/p>\n","protected":false},"featured_media":5075,"template":"","meta":{"_monsterinsights_skip_tracking":false,"_monsterinsights_sitenote_active":false,"_monsterinsights_sitenote_note":"","_monsterinsights_sitenote_category":0},"product_brand":[],"product_cat":[323],"product_tag":[],"class_list":{"0":"post-4762","1":"product","2":"type-product","3":"status-publish","4":"has-post-thumbnail","6":"product_cat-geschenke","8":"first","9":"instock","10":"shipping-taxable","11":"purchasable","12":"product-type-variable"},"yoast_head":"<!-- This site is optimized with the Yoast SEO plugin v27.3 - https:\/\/yoast.com\/product\/yoast-seo-wordpress\/ -->\n<title>Geschenkgutschein - Caf\u00e9 22<\/title>\n<meta name=\"description\" content=\"Caf\u00e9 22 Geschenkgutscheine - das perfekte Geschenk f\u00fcr jeden Anlass.\" \/>\n<meta name=\"robots\" content=\"index, follow, max-snippet:-1, max-image-preview:large, max-video-preview:-1\" \/>\n<link rel=\"canonical\" href=\"https:\/\/cafe22.pl\/de\/produkt\/geschenkgutschein\/\" \/>\n<meta property=\"og:locale\" content=\"de_DE\" \/>\n<meta property=\"og:type\" content=\"article\" \/>\n<meta property=\"og:title\" content=\"Geschenkgutschein - Caf\u00e9 22\" \/>\n<meta property=\"og:description\" content=\"Caf\u00e9 22 Geschenkgutscheine - das perfekte Geschenk f\u00fcr jeden Anlass.\" \/>\n<meta property=\"og:url\" content=\"https:\/\/cafe22.pl\/de\/produkt\/geschenkgutschein\/\" \/>\n<meta property=\"og:site_name\" content=\"Caf\u00e9 22\" \/>\n<meta property=\"article:publisher\" content=\"https:\/\/www.facebook.com\/Kawiarnia.Cafe.22\" \/>\n<meta property=\"article:modified_time\" content=\"2022-05-23T08:22:35+00:00\" \/>\n<meta property=\"og:image\" content=\"https:\/\/cafe22.pl\/wp-content\/uploads\/2022\/04\/cafe-22_bony-podarunkowe-2.jpg\" \/>\n\t<meta property=\"og:image:width\" content=\"800\" \/>\n\t<meta property=\"og:image:height\" content=\"600\" \/>\n\t<meta property=\"og:image:type\" content=\"image\/jpeg\" \/>\n<meta name=\"twitter:card\" content=\"summary_large_image\" \/>\n<meta name=\"twitter:site\" content=\"@cafe22_szczecin\" \/>\n<script type=\"application\/ld+json\" class=\"yoast-schema-graph\">{\"@context\":\"https:\\\/\\\/schema.org\",\"@graph\":[{\"@type\":\"WebPage\",\"@id\":\"https:\\\/\\\/cafe22.pl\\\/de\\\/produkt\\\/geschenkgutschein\\\/\",\"url\":\"https:\\\/\\\/cafe22.pl\\\/de\\\/produkt\\\/geschenkgutschein\\\/\",\"name\":\"Geschenkgutschein - Caf\u00e9 22\",\"isPartOf\":{\"@id\":\"https:\\\/\\\/cafe22.pl\\\/de\\\/#website\"},\"primaryImageOfPage\":{\"@id\":\"https:\\\/\\\/cafe22.pl\\\/de\\\/produkt\\\/geschenkgutschein\\\/#primaryimage\"},\"image\":{\"@id\":\"https:\\\/\\\/cafe22.pl\\\/de\\\/produkt\\\/geschenkgutschein\\\/#primaryimage\"},\"thumbnailUrl\":\"https:\\\/\\\/cafe22.pl\\\/wp-content\\\/uploads\\\/2022\\\/04\\\/cafe-22_bony-podarunkowe-2.jpg\",\"datePublished\":\"2022-04-01T11:27:33+00:00\",\"dateModified\":\"2022-05-23T08:22:35+00:00\",\"description\":\"Caf\u00e9 22 Geschenkgutscheine - das perfekte Geschenk f\u00fcr jeden Anlass.\",\"breadcrumb\":{\"@id\":\"https:\\\/\\\/cafe22.pl\\\/de\\\/produkt\\\/geschenkgutschein\\\/#breadcrumb\"},\"inLanguage\":\"de\",\"potentialAction\":[{\"@type\":\"ReadAction\",\"target\":[\"https:\\\/\\\/cafe22.pl\\\/de\\\/produkt\\\/geschenkgutschein\\\/\"]}]},{\"@type\":\"ImageObject\",\"inLanguage\":\"de\",\"@id\":\"https:\\\/\\\/cafe22.pl\\\/de\\\/produkt\\\/geschenkgutschein\\\/#primaryimage\",\"url\":\"https:\\\/\\\/cafe22.pl\\\/wp-content\\\/uploads\\\/2022\\\/04\\\/cafe-22_bony-podarunkowe-2.jpg\",\"contentUrl\":\"https:\\\/\\\/cafe22.pl\\\/wp-content\\\/uploads\\\/2022\\\/04\\\/cafe-22_bony-podarunkowe-2.jpg\",\"width\":800,\"height\":600},{\"@type\":\"BreadcrumbList\",\"@id\":\"https:\\\/\\\/cafe22.pl\\\/de\\\/produkt\\\/geschenkgutschein\\\/#breadcrumb\",\"itemListElement\":[{\"@type\":\"ListItem\",\"position\":1,\"name\":\"Hauptseite\",\"item\":\"https:\\\/\\\/cafe22.pl\\\/de\\\/\"},{\"@type\":\"ListItem\",\"position\":2,\"name\":\"Shop\",\"item\":\"https:\\\/\\\/cafe22.pl\\\/sklep\\\/\"},{\"@type\":\"ListItem\",\"position\":3,\"name\":\"Geschenkgutschein\"}]},{\"@type\":\"WebSite\",\"@id\":\"https:\\\/\\\/cafe22.pl\\\/de\\\/#website\",\"url\":\"https:\\\/\\\/cafe22.pl\\\/de\\\/\",\"name\":\"Caf\u00e9 22\",\"description\":\"Kawiarnia na najwy\u017cszym poziomie\",\"publisher\":{\"@id\":\"https:\\\/\\\/cafe22.pl\\\/de\\\/#organization\"},\"potentialAction\":[{\"@type\":\"SearchAction\",\"target\":{\"@type\":\"EntryPoint\",\"urlTemplate\":\"https:\\\/\\\/cafe22.pl\\\/de\\\/?s={search_term_string}\"},\"query-input\":{\"@type\":\"PropertyValueSpecification\",\"valueRequired\":true,\"valueName\":\"search_term_string\"}}],\"inLanguage\":\"de\"},{\"@type\":\"Organization\",\"@id\":\"https:\\\/\\\/cafe22.pl\\\/de\\\/#organization\",\"name\":\"Caf\u00e9 22\",\"url\":\"https:\\\/\\\/cafe22.pl\\\/de\\\/\",\"logo\":{\"@type\":\"ImageObject\",\"inLanguage\":\"de\",\"@id\":\"https:\\\/\\\/cafe22.pl\\\/de\\\/#\\\/schema\\\/logo\\\/image\\\/\",\"url\":\"https:\\\/\\\/cafe22.pl\\\/wp-content\\\/uploads\\\/2022\\\/03\\\/Cafe22-logo-standard-1.png\",\"contentUrl\":\"https:\\\/\\\/cafe22.pl\\\/wp-content\\\/uploads\\\/2022\\\/03\\\/Cafe22-logo-standard-1.png\",\"width\":330,\"height\":156,\"caption\":\"Caf\u00e9 22\"},\"image\":{\"@id\":\"https:\\\/\\\/cafe22.pl\\\/de\\\/#\\\/schema\\\/logo\\\/image\\\/\"},\"sameAs\":[\"https:\\\/\\\/www.facebook.com\\\/Kawiarnia.Cafe.22\",\"https:\\\/\\\/x.com\\\/cafe22_szczecin\",\"https:\\\/\\\/www.instagram.com\\\/cafe22_kawiarnia\\\/\"]}]}<\/script>\n<!-- \/ Yoast SEO plugin. -->","yoast_head_json":{"title":"Geschenkgutschein - Caf\u00e9 22","description":"Caf\u00e9 22 Geschenkgutscheine - das perfekte Geschenk f\u00fcr jeden Anlass.","robots":{"index":"index","follow":"follow","max-snippet":"max-snippet:-1","max-image-preview":"max-image-preview:large","max-video-preview":"max-video-preview:-1"},"canonical":"https:\/\/cafe22.pl\/de\/produkt\/geschenkgutschein\/","og_locale":"de_DE","og_type":"article","og_title":"Geschenkgutschein - Caf\u00e9 22","og_description":"Caf\u00e9 22 Geschenkgutscheine - das perfekte Geschenk f\u00fcr jeden Anlass.","og_url":"https:\/\/cafe22.pl\/de\/produkt\/geschenkgutschein\/","og_site_name":"Caf\u00e9 22","article_publisher":"https:\/\/www.facebook.com\/Kawiarnia.Cafe.22","article_modified_time":"2022-05-23T08:22:35+00:00","og_image":[{"width":800,"height":600,"url":"https:\/\/cafe22.pl\/wp-content\/uploads\/2022\/04\/cafe-22_bony-podarunkowe-2.jpg","type":"image\/jpeg"}],"twitter_card":"summary_large_image","twitter_site":"@cafe22_szczecin","schema":{"@context":"https:\/\/schema.org","@graph":[{"@type":"WebPage","@id":"https:\/\/cafe22.pl\/de\/produkt\/geschenkgutschein\/","url":"https:\/\/cafe22.pl\/de\/produkt\/geschenkgutschein\/","name":"Geschenkgutschein - Caf\u00e9 22","isPartOf":{"@id":"https:\/\/cafe22.pl\/de\/#website"},"primaryImageOfPage":{"@id":"https:\/\/cafe22.pl\/de\/produkt\/geschenkgutschein\/#primaryimage"},"image":{"@id":"https:\/\/cafe22.pl\/de\/produkt\/geschenkgutschein\/#primaryimage"},"thumbnailUrl":"https:\/\/cafe22.pl\/wp-content\/uploads\/2022\/04\/cafe-22_bony-podarunkowe-2.jpg","datePublished":"2022-04-01T11:27:33+00:00","dateModified":"2022-05-23T08:22:35+00:00","description":"Caf\u00e9 22 Geschenkgutscheine - das perfekte Geschenk f\u00fcr jeden Anlass.","breadcrumb":{"@id":"https:\/\/cafe22.pl\/de\/produkt\/geschenkgutschein\/#breadcrumb"},"inLanguage":"de","potentialAction":[{"@type":"ReadAction","target":["https:\/\/cafe22.pl\/de\/produkt\/geschenkgutschein\/"]}]},{"@type":"ImageObject","inLanguage":"de","@id":"https:\/\/cafe22.pl\/de\/produkt\/geschenkgutschein\/#primaryimage","url":"https:\/\/cafe22.pl\/wp-content\/uploads\/2022\/04\/cafe-22_bony-podarunkowe-2.jpg","contentUrl":"https:\/\/cafe22.pl\/wp-content\/uploads\/2022\/04\/cafe-22_bony-podarunkowe-2.jpg","width":800,"height":600},{"@type":"BreadcrumbList","@id":"https:\/\/cafe22.pl\/de\/produkt\/geschenkgutschein\/#breadcrumb","itemListElement":[{"@type":"ListItem","position":1,"name":"Hauptseite","item":"https:\/\/cafe22.pl\/de\/"},{"@type":"ListItem","position":2,"name":"Shop","item":"https:\/\/cafe22.pl\/sklep\/"},{"@type":"ListItem","position":3,"name":"Geschenkgutschein"}]},{"@type":"WebSite","@id":"https:\/\/cafe22.pl\/de\/#website","url":"https:\/\/cafe22.pl\/de\/","name":"Caf\u00e9 22","description":"Kawiarnia na najwy\u017cszym poziomie","publisher":{"@id":"https:\/\/cafe22.pl\/de\/#organization"},"potentialAction":[{"@type":"SearchAction","target":{"@type":"EntryPoint","urlTemplate":"https:\/\/cafe22.pl\/de\/?s={search_term_string}"},"query-input":{"@type":"PropertyValueSpecification","valueRequired":true,"valueName":"search_term_string"}}],"inLanguage":"de"},{"@type":"Organization","@id":"https:\/\/cafe22.pl\/de\/#organization","name":"Caf\u00e9 22","url":"https:\/\/cafe22.pl\/de\/","logo":{"@type":"ImageObject","inLanguage":"de","@id":"https:\/\/cafe22.pl\/de\/#\/schema\/logo\/image\/","url":"https:\/\/cafe22.pl\/wp-content\/uploads\/2022\/03\/Cafe22-logo-standard-1.png","contentUrl":"https:\/\/cafe22.pl\/wp-content\/uploads\/2022\/03\/Cafe22-logo-standard-1.png","width":330,"height":156,"caption":"Caf\u00e9 22"},"image":{"@id":"https:\/\/cafe22.pl\/de\/#\/schema\/logo\/image\/"},"sameAs":["https:\/\/www.facebook.com\/Kawiarnia.Cafe.22","https:\/\/x.com\/cafe22_szczecin","https:\/\/www.instagram.com\/cafe22_kawiarnia\/"]}]}},"publishpress_future_workflow_manual_trigger":{"enabledWorkflows":[]},"_links":{"self":[{"href":"https:\/\/cafe22.pl\/de\/wp-json\/wp\/v2\/product\/4762","targetHints":{"allow":["GET"]}}],"collection":[{"href":"https:\/\/cafe22.pl\/de\/wp-json\/wp\/v2\/product"}],"about":[{"href":"https:\/\/cafe22.pl\/de\/wp-json\/wp\/v2\/types\/product"}],"wp:featuredmedia":[{"embeddable":true,"href":"https:\/\/cafe22.pl\/de\/wp-json\/wp\/v2\/media\/5075"}],"wp:attachment":[{"href":"https:\/\/cafe22.pl\/de\/wp-json\/wp\/v2\/media?parent=4762"}],"wp:term":[{"taxonomy":"product_brand","embeddable":true,"href":"https:\/\/cafe22.pl\/de\/wp-json\/wp\/v2\/product_brand?post=4762"},{"taxonomy":"product_cat","embeddable":true,"href":"https:\/\/cafe22.pl\/de\/wp-json\/wp\/v2\/product_cat?post=4762"},{"taxonomy":"product_tag","embeddable":true,"href":"https:\/\/cafe22.pl\/de\/wp-json\/wp\/v2\/product_tag?post=4762"}],"curies":[{"name":"wp","href":"https:\/\/api.w.org\/{rel}","templated":true}]}}